{"id":132,"date":"2018-11-21T15:39:19","date_gmt":"2018-11-21T15:39:19","guid":{"rendered":"http:\/\/vps612903.ovh.net\/?page_id=132"},"modified":"2025-03-19T16:15:42","modified_gmt":"2025-03-19T15:15:42","slug":"boite-a-suggestions","status":"publish","type":"page","link":"https:\/\/lepetitjournaldemapharmacie.fr\/index.php\/boite-a-suggestions\/","title":{"rendered":"Boite \u00e0 suggestions"},"content":{"rendered":"<p>Ces \u00e9tudes sont l\u00e0 pour vous faciliter votre d\u00e9cision.<br \/>\nNous vous \u00e9coutons, proposez-nous des th\u00e8mes d&rsquo;\u00e9tudes, des am\u00e9liorations sur le contenu et nous y r\u00e9pondrons avec int\u00e9r\u00eat.<\/p>\n","protected":false},"excerpt":{"rendered":"<p>Ces \u00e9tudes sont l\u00e0 pour vous faciliter votre d\u00e9cision. Nous vous \u00e9coutons, proposez-nous des th\u00e8mes d&rsquo;\u00e9tudes, des am\u00e9liorations sur le<\/p>\n","protected":false},"author":4,"featured_media":0,"parent":0,"menu_order":0,"comment_status":"closed","ping_status":"closed","template":"","meta":{"footnotes":""},"acf":[],"rttpg_featured_image_url":null,"rttpg_author":{"display_name":"Mathieu ADOUTTE","author_link":"https:\/\/lepetitjournaldemapharmacie.fr\/index.php\/author\/mathieu-adoutte\/"},"rttpg_comment":0,"rttpg_category":null,"rttpg_excerpt":"Ces \u00e9tudes sont l\u00e0 pour vous faciliter votre d\u00e9cision. Nous vous \u00e9coutons, proposez-nous des th\u00e8mes d&rsquo;\u00e9tudes, des am\u00e9liorations sur le","_links":{"self":[{"href":"https:\/\/lepetitjournaldemapharmacie.fr\/index.php\/wp-json\/wp\/v2\/pages\/132"}],"collection":[{"href":"https:\/\/lepetitjournaldemapharmacie.fr\/index.php\/wp-json\/wp\/v2\/pages"}],"about":[{"href":"https:\/\/lepetitjournaldemapharmacie.fr\/index.php\/wp-json\/wp\/v2\/types\/page"}],"author":[{"embeddable":true,"href":"https:\/\/lepetitjournaldemapharmacie.fr\/index.php\/wp-json\/wp\/v2\/users\/4"}],"replies":[{"embeddable":true,"href":"https:\/\/lepetitjournaldemapharmacie.fr\/index.php\/wp-json\/wp\/v2\/comments?post=132"}],"version-history":[{"count":13,"href":"https:\/\/lepetitjournaldemapharmacie.fr\/index.php\/wp-json\/wp\/v2\/pages\/132\/revisions"}],"predecessor-version":[{"id":2081,"href":"https:\/\/lepetitjournaldemapharmacie.fr\/index.php\/wp-json\/wp\/v2\/pages\/132\/revisions\/2081"}],"wp:attachment":[{"href":"https:\/\/lepetitjournaldemapharmacie.fr\/index.php\/wp-json\/wp\/v2\/media?parent=132"}],"curies":[{"name":"wp","href":"https:\/\/api.w.org\/{rel}","templated":true}]}}